{"id":2,"date":"2024-09-05T12:11:47","date_gmt":"2024-09-05T12:11:47","guid":{"rendered":"https:\/\/menu.eleavouliagmeni.gr\/?page_id=2"},"modified":"2026-02-26T13:10:03","modified_gmt":"2026-02-26T13:10:03","slug":"sample-page","status":"publish","type":"page","link":"https:\/\/paniniartistici.gr\/","title":{"rendered":"Menu Romanian"},"content":{"rendered":"\t\t<div data-elementor-type=\"wp-page\" data-elementor-id=\"2\" class=\"elementor elementor-2\" data-elementor-post-type=\"page\">\n\t\t\t\t<div class=\"elementor-element elementor-element-7989d56f e-flex e-con-boxed e-con e-parent\" data-id=\"7989d56f\" data-element_type=\"container\">\n\t\t\t\t\t<div class=\"e-con-inner\">\n\t\t\t\t<div class=\"elementor-element elementor-element-10ad4a98 elementor-widget elementor-widget-text-editor\" data-id=\"10ad4a98\" data-element_type=\"widget\" data-widget_type=\"text-editor.default\">\n\t\t\t\t<div class=\"elementor-widget-container\">\n\t\t\t\t\t\t\t\t\t<p><strong>PANINI \/ FOCACCIA<\/strong><\/p>\n<p><strong>BURRATA VEGETARIAN<\/strong> \u2013 8,00\u20ac<br>Burrata proasp\u0103t\u0103, pesto de busuioc, ro\u0219ie \u0219i mix de frunze de salat\u0103.<\/p>\n<p><strong>DI SANTO<\/strong> \u2013 8,00\u20ac<br>Mortadella cu fistic, Parmigiano Reggiano, pesto de busuioc, stracciatella \u0219i valerian\u0103.<\/p>\n<p><strong>PARMA<\/strong> \u2013 8,00\u20ac<br>Prosciutto di Parma, mozzarella fior di latte, stracciatella, ro\u0219ii cherry \u0219i rucola.<\/p>\n<p><strong>PASTRAMI<\/strong> \u2013 7,50\u20ac<br>Pastram\u0103 de vit\u0103, sos tartar, pecorino sard maturat cu piper \u0219i salat\u0103 iceberg.<\/p>\n<p><strong>TARTUFO<\/strong> \u2013 9,00\u20ac<br>Salam Milano, maionez\u0103 cu trufe, pecorino cu trufe \u0219i ceap\u0103 caramelizat\u0103.<\/p>\n<p><strong>SCRAMBLED EGGS<\/strong> \u2013 7,50\u20ac<br>Curcan israelian, br\u00e2nz\u0103 fontina, rucola, maionez\u0103 cu ierburi \u0219i ro\u0219ie.<\/p>\n<p><strong>POLO<\/strong> \u2013 6,50\u20ac<br>Pui pane, sos aioli, Parmigiano Reggiano \u0219i rucola.<\/p>\n<p><strong>PORCHETTA<\/strong> \u2013 9,00\u20ac<br>Porchetta, br\u00e2nz\u0103 provola, ceap\u0103 crocant\u0103, salat\u0103 coleslaw \u0219i mu\u0219tar Dijon.<\/p>\n<p><strong>SMYRNI<\/strong> \u2013 8,00\u20ac<br>Soutzouki, iaurt cu ment\u0103, br\u00e2nz\u0103 kasseri, ro\u0219ii cherry semi-uscate \u0219i ceap\u0103 murat\u0103.<\/p>\n<p><strong>SALMON<\/strong> \u2013 9,00\u20ac<br>Somon afumat, sm\u00e2nt\u00e2n\u0103, castravete, rucola, l\u0103m\u00e2ie confiat\u0103, m\u0103rar \u0219i br\u00e2nz\u0103 brie.<\/p>\n<p><strong>MELANZANE VEGETARIAN<\/strong> \u2013 7,00\u20ac<br>Crem\u0103 afumat\u0103 de vinete, br\u00e2nz\u0103 de capr\u0103, chutney de ro\u0219ii \u0219i vinete la gr\u0103tar.<\/p>\n<p><strong>TUNA<\/strong> \u2013 9,00\u20ac<br>Ulei de m\u0103sline, rucola, ceap\u0103 verde, castravete, m\u0103rar, ton \u0219i sm\u00e2nt\u00e2n\u0103.<\/p>\n<p><strong>VEGGIE VEGAN<\/strong> \u2013 6,00\u20ac<br>Ardei cop\u021bi, dovlecei, porumb copt \u0219i hummus.<\/p>\n<p><strong>GREKA<\/strong> \u2013 6,50\u20ac<br>Mousse de feta, m\u0103sline, ro\u0219ie, oregano \u0219i capere.<\/p>\n<p><strong>BOUGATSA<\/strong> \u2013 4,80\u20ac<br>Crem\u0103 bougatsa, zah\u0103r pudr\u0103 \u0219i scor\u021bi\u0219oar\u0103.<\/p>\n<p><strong>PINSA<\/strong><\/p>\n<p><strong>MARGHERITA VEGETARIAN<\/strong> \u2013 6,50\u20ac<br>Ro\u0219ii San Marzano, Parmigiano Reggiano, mozzarella fior di latte, ro\u0219ii cherry \u0219i busuioc.<\/p>\n<p><strong>GRECA VEGETARIAN<\/strong> \u2013 6,00\u20ac<br>Ro\u0219ii San Marzano, feta, ardei, ciuperci, mozzarella \u0219i m\u0103sline.<\/p>\n<p><strong>PARMA<\/strong> \u2013 8,00\u20ac<br>Prosciutto di Parma, mozzarella fior di latte, parmezan, rucola \u0219i ro\u0219ii San Marzano.<\/p>\n<p><strong>DI SANTO<\/strong> \u2013 8,00\u20ac<br>Mortadella, Parmigiano Reggiano, pesto de busuioc, stracciatella, mozzarella \u0219i valerian\u0103.<\/p>\n<p><strong>POLO<\/strong> \u2013 8,00\u20ac<br>Pui pane, sos aioli, Parmigiano Reggiano, mozzarella \u0219i rucola.<\/p>\n<p><strong>TIRAMISU<\/strong><\/p>\n<p><strong>CLASSIC<\/strong><br>Individual 5,00\u20ac | Familie 25,00\u20ac<br>Tiramisu italian autentic \u00een cea mai rafinat\u0103 versiune: crem\u0103 de mascarpone u\u0219oar\u0103 \u0219i aromat\u0103 \u0219i pi\u0219coturi savoiardi \u00eensiropate cu espresso proasp\u0103t preparat. Simplu, clasic \u0219i irezistibil.<\/p>\n<p><strong>PISTACHIO<\/strong><br>Individual 6,00\u20ac | Familie 27,00\u20ac<br>O versiune luxoas\u0103 cu crem\u0103 tiramisu catifelat\u0103 \u0219i pralin\u0103 bogat\u0103 de fistic. Pi\u0219coturi u\u0219or \u00eensiropate \u0219i fistic caramelizat pentru un gust echilibrat \u0219i intens.<\/p>\n<p><strong>&nbsp;<\/strong><\/p>\n<p><strong>CHOCOLATE<\/strong><br>Individual 5,00\u20ac | Familie 25,00\u20ac<br>Cremos, intens ciocolatiu \u0219i reconfortant: crem\u0103 tiramisu cu sos de ciocolat\u0103 cu lapte, buc\u0103\u021bi crocante de ciocolat\u0103 \u0219i pralin\u0103 de alune.<\/p>\n<p><strong>BISCOTTI LOTUS<\/strong><br>Individual 6,00\u20ac | Familie 27,00\u20ac<br>Tiramisu catifelat cu gustul caracteristic caramelizat al biscui\u021bilor Lotus. Straturi de crem\u0103 Lotus \u0219i biscui\u021bi u\u0219or \u00eenmuia\u021bi \u00een cafea, completa\u021bi cu buc\u0103\u021bi crocante.<\/p>\n<p><\/p>\n<p><strong>BEVERAGES &amp; COFFEE<\/strong><\/p>\n<p>Cappuccino Dublu \u2013 2.80\u20ac<br>Cappuccino Dublu Decafeinizat \u2013 2.80\u20ac<br>Cappuccino Simplu \u2013 2.30\u20ac<br>Americano Dublu \u2013 2.50\u20ac<br>Americano Dublu Decafeinizat \u2013 2.50\u20ac<br>Americano Simplu \u2013 2.00\u20ac<br>Americano Simplu Decafeinizat \u2013 2.00\u20ac<br>Cortado \u2013 2.30\u20ac<br>Cortado Decafeinizat \u2013 2.30\u20ac<br>Espresso Dublu \u2013 2.50\u20ac<br>Espresso Dublu Decafeinizat \u2013 2.50\u20ac<br>Espresso Simplu \u2013 2.00\u20ac<br>Espresso Simplu Decafeinizat \u2013 2.00\u20ac<br>Flat White \u2013 2.80\u20ac<br>Flat White Decafeinizat \u2013 2.80\u20ac<br>Frappe \u2013 2.50\u20ac<br>Frappe Decafeinizat \u2013 2.50\u20ac<br>Freddo Cappuccino \u2013 2.80\u20ac<br>Freddo Cappuccino Decafeinizat \u2013 2.80\u20ac<br>Freddo Espresso \u2013 2.20\u20ac<br>Freddo Espresso Decafeinizat \u2013 2.20\u20ac<br>Latte Cald \u2013 2.50\u20ac<br>Latte Cald Decafeinizat \u2013 2.50\u20ac<br>Latte Rece \u2013 2.50\u20ac<br>Latte Rece Decafeinizat \u2013 2.50\u20ac<br>Nescaf\u00e9 \u2013 2.50\u20ac<br>Nescaf\u00e9 Decafeinizat \u2013 2.50\u20ac<br>Cafea Greceasc\u0103 Dubl\u0103 \u2013 2.50\u20ac<br>Cafea Greceasc\u0103 Simpl\u0103 \u2013 2.00\u20ac<br>Ciocolat\u0103 Cald\u0103 \u2013 3.00\u20ac<br>Ciocolat\u0103 Rece \u2013 3.00\u20ac<br>Three Cents Pink Grapefruit 200ML \u2013 3.00\u20ac<br>Three Cents Tonic Water 200ML \u2013 3.00\u20ac<br>Coca-Cola 330ml \u2013 2.50\u20ac<br>Coca-Cola Zero 330ml \u2013 2.50\u20ac<br>Schweppes Soda 330ml \u2013 2.50\u20ac<br>Limonad\u0103 330ml \u2013 2.50\u20ac<br>Suc de Portocale 330ml \u2013 2.50\u20ac<br>Ap\u0103 500ML \u2013 0.50\u20ac<br>Ap\u0103 Mineral\u0103 Carbogazoas\u0103 250ML \u2013 2.50\u20ac<br>Bere Carlsberg 330ML \u2013 3.00\u20ac<br>Bere Peroni 330ML \u2013 3.50\u20ac<\/p>\n<p><\/p>\t\t\t\t\t\t\t\t<\/div>\n\t\t\t\t<\/div>\n\t\t\t\t\t<\/div>\n\t\t\t\t<\/div>\n\t\t\t\t<\/div>\n\t\t","protected":false},"excerpt":{"rendered":"<p>PANINI \/ FOCACCIA BURRATA VEGETARIAN \u2013 8,00\u20acBurrata proasp\u0103t\u0103, pesto de busuioc, ro\u0219ie \u0219i mix de frunze de salat\u0103. DI SANTO \u2013 8,00\u20acMortadella cu fistic, Parmigiano Reggiano, pesto de busuioc, stracciatella \u0219i valerian\u0103. PARMA \u2013 8,00\u20acProsciutto di Parma, mozzarella fior di latte, stracciatella, ro\u0219ii cherry \u0219i rucola. PASTRAMI \u2013 7,50\u20acPastram\u0103 de vit\u0103, sos tartar, pecorino sard [&hellip;]<\/p>\n","protected":false},"author":1,"featured_media":0,"parent":0,"menu_order":0,"comment_status":"closed","ping_status":"open","template":"","meta":{"footnotes":""},"class_list":["post-2","page","type-page","status-publish","hentry"],"_links":{"self":[{"href":"https:\/\/paniniartistici.gr\/index.php\/wp-json\/wp\/v2\/pages\/2","targetHints":{"allow":["GET"]}}],"collection":[{"href":"https:\/\/paniniartistici.gr\/index.php\/wp-json\/wp\/v2\/pages"}],"about":[{"href":"https:\/\/paniniartistici.gr\/index.php\/wp-json\/wp\/v2\/types\/page"}],"author":[{"embeddable":true,"href":"https:\/\/paniniartistici.gr\/index.php\/wp-json\/wp\/v2\/users\/1"}],"replies":[{"embeddable":true,"href":"https:\/\/paniniartistici.gr\/index.php\/wp-json\/wp\/v2\/comments?post=2"}],"version-history":[{"count":16,"href":"https:\/\/paniniartistici.gr\/index.php\/wp-json\/wp\/v2\/pages\/2\/revisions"}],"predecessor-version":[{"id":829,"href":"https:\/\/paniniartistici.gr\/index.php\/wp-json\/wp\/v2\/pages\/2\/revisions\/829"}],"wp:attachment":[{"href":"https:\/\/paniniartistici.gr\/index.php\/wp-json\/wp\/v2\/media?parent=2"}],"curies":[{"name":"wp","href":"https:\/\/api.w.org\/{rel}","templated":true}]}}