{"id":383,"date":"2024-09-09T14:05:29","date_gmt":"2024-09-09T14:05:29","guid":{"rendered":"https:\/\/menu.eleavouliagmeni.gr\/?page_id=383"},"modified":"2026-02-26T13:11:31","modified_gmt":"2026-02-26T13:11:31","slug":"menu-deutch","status":"publish","type":"page","link":"https:\/\/paniniartistici.gr\/index.php\/menu-deutch\/","title":{"rendered":"Menu-Deutch"},"content":{"rendered":"\t\t<div data-elementor-type=\"wp-page\" data-elementor-id=\"383\" class=\"elementor elementor-383\" data-elementor-post-type=\"page\">\n\t\t\t\t<div class=\"elementor-element elementor-element-287f948 e-flex e-con-boxed e-con e-parent\" data-id=\"287f948\" data-element_type=\"container\">\n\t\t\t\t\t<div class=\"e-con-inner\">\n\t\t\t\t<div class=\"elementor-element elementor-element-1bca432 elementor-widget elementor-widget-text-editor\" data-id=\"1bca432\" data-element_type=\"widget\" data-widget_type=\"text-editor.default\">\n\t\t\t\t<div class=\"elementor-widget-container\">\n\t\t\t\t\t\t\t\t\t<p><strong>PANINI \/ FOCACCIA<\/strong><\/p>\n<p><strong>BURRATA VEGETARIAN<\/strong> \u2013 8,00\u20ac<br>Frische Burrata, Basilikumpesto, Tomate und gemischte Blattsalate.<\/p>\n<p><strong>DI SANTO<\/strong> \u2013 8,00\u20ac<br>Mortadella mit Pistazien, Parmigiano Reggiano, Basilikumpesto, Stracciatella und Feldsalat.<\/p>\n<p><strong>PARMA<\/strong> \u2013 8,00\u20ac<br>Prosciutto di Parma, Mozzarella fior di latte, Stracciatella, Kirschtomaten und Rucola.<\/p>\n<p><strong>PASTRAMI<\/strong> \u2013 7,50\u20ac<br>Rinderpastrami, Sauce Tartar, gereifter sardischer Pecorino mit Pfeffer und Eisbergsalat.<\/p>\n<p><strong>TARTUFO<\/strong> \u2013 9,00\u20ac<br>Salami Milano, Tr\u00fcffelmayonnaise, Pecorino mit Tr\u00fcffel und karamellisierte Zwiebeln.<\/p>\n<p><strong>SCRAMBLED EGGS<\/strong> \u2013 7,50\u20ac<br>Israelischer Truthahn, Fontina-K\u00e4se, Rucola, Kr\u00e4utermayonnaise und Tomate.<\/p>\n<p><strong>POLO<\/strong> \u2013 6,50\u20ac<br>Paniertes H\u00e4hnchen, Aioli-Sauce, Parmigiano Reggiano und Rucola.<\/p>\n<p><strong>PORCHETTA<\/strong> \u2013 9,00\u20ac<br>Porchetta, Provola-K\u00e4se, knusprige Zwiebeln, Coleslaw und Dijon-Senf.<\/p>\n<p><strong>SMYRNI<\/strong> \u2013 8,00\u20ac<br>Soutzouki-Wurst, Joghurt mit Minze, Kasseri-K\u00e4se, halbgetrocknete Kirschtomaten und eingelegte Zwiebeln.<\/p>\n<p><strong>SALMON<\/strong> \u2013 9,00\u20ac<br>Ger\u00e4ucherter Lachs, Sauerrahm, Gurke, Rucola, konfierte Zitrone, Dill und Brie-K\u00e4se.<\/p>\n<p><strong>MELANZANE VEGETARIAN<\/strong> \u2013 7,00\u20ac<br>Ger\u00e4ucherte Auberginencreme, Ziegenk\u00e4se, Tomatenchutney und gegrillte Aubergine.<\/p>\n<p><strong>TUNA<\/strong> \u2013 9,00\u20ac<br>Oliven\u00f6l, Rucola, Fr\u00fchlingszwiebeln, Gurke, Dill, Thunfisch und Sauerrahm.<\/p>\n<p><strong>VEGGIE VEGAN<\/strong> \u2013 6,00\u20ac<br>Gegrillte Paprika, Zucchini, ger\u00f6steter Mais und Hummus.<\/p>\n<p><strong>GREKA<\/strong> \u2013 6,50\u20ac<br>Feta-Mousse, Oliven, Tomate, Oregano und Kapern.<\/p>\n<p><strong>BOUGATSA<\/strong> \u2013 4,80\u20ac<br>Bougatsa-Creme, Puderzucker und Zimt.<\/p>\n<p><strong>PINSA<\/strong><\/p>\n<p><strong>MARGHERITA VEGETARIAN<\/strong> \u2013 6,50\u20ac<br>San Marzano Tomaten, Parmigiano Reggiano, Mozzarella fior di latte, Kirschtomaten und Basilikum.<\/p>\n<p><strong>GRECA VEGETARIAN<\/strong> \u2013 6,00\u20ac<br>San Marzano Tomaten, Feta, Paprika, Champignons, Mozzarella und Oliven.<\/p>\n<p><strong>PARMA<\/strong> \u2013 8,00\u20ac<br>Prosciutto di Parma, Mozzarella fior di latte, Parmesan, Rucola und San Marzano Tomaten.<\/p>\n<p><strong>DI SANTO<\/strong> \u2013 8,00\u20ac<br>Mortadella, Parmigiano Reggiano, Basilikumpesto, Stracciatella, Mozzarella und Feldsalat.<\/p>\n<p><strong>POLO<\/strong> \u2013 8,00\u20ac<br>Paniertes H\u00e4hnchen, Aioli-Sauce, Parmigiano Reggiano, Mozzarella und Rucola.<\/p>\n<p><strong>TIRAMISU<\/strong><\/p>\n<p><strong>CLASSIC<\/strong><br>Einzelportion 5,00\u20ac | Familienportion 25,00\u20ac<br>Authentisches italienisches Tiramisu in seiner feinsten Form: luftige, aromatische Mascarponecreme und in frisch gebr\u00fchtem Espresso getr\u00e4nkte L\u00f6ffelbiskuits. Einfach, zeitlos und unwiderstehlich.<\/p>\n<p><strong>PISTACHIO<\/strong><br>Einzelportion 6,00\u20ac | Familienportion 27,00\u20ac<br>Luxuri\u00f6se Variante mit samtiger Tiramisucreme und reichhaltiger Pistazienpraline. Sanft getr\u00e4nkte L\u00f6ffelbiskuits und karamellisierte Pistazien sorgen f\u00fcr ein ausgewogenes, intensives Aroma.<\/p>\n<p><strong>&nbsp;<\/strong><\/p>\n<p><strong>&nbsp;<\/strong><strong style=\"font-size: 1rem;\">CHOCOLATE<\/strong><\/p><p>Einzelportion 5,00\u20ac | Familienportion 25,00\u20ac<br>Cremig, schokoladig und pure Wohlf\u00fchlk\u00fcche: Tiramisucreme mit Milchschokoladensauce, knusprigen Schokoladenst\u00fcckchen und Haselnusspraline.<\/p>\n<p><strong>BISCOTTI LOTUS<\/strong><br>Einzelportion 6,00\u20ac | Familienportion 27,00\u20ac<br>Samtiges Tiramisu mit dem charakteristischen karamellisierten Geschmack der Lotus-Kekse. Schichtweise Lotus-Creme und leicht in Kaffee getr\u00e4nkte Kekse, verfeinert mit knusprigen St\u00fcckchen.<\/p>\n<p><strong>BEVERAGES &amp; COFFEE<\/strong><\/p>\n<p>Doppelter Cappuccino \u2013 2.80\u20ac<br>Doppelter Cappuccino koffeinfrei \u2013 2.80\u20ac<br>Einfacher Cappuccino \u2013 2.30\u20ac<br>Doppelter Americano \u2013 2.50\u20ac<br>Doppelter Americano koffeinfrei \u2013 2.50\u20ac<br>Einfacher Americano \u2013 2.00\u20ac<br>Einfacher Americano koffeinfrei \u2013 2.00\u20ac<br>Cortado \u2013 2.30\u20ac<br>Cortado koffeinfrei \u2013 2.30\u20ac<br>Doppelter Espresso \u2013 2.50\u20ac<br>Doppelter Espresso koffeinfrei \u2013 2.50\u20ac<br>Einfacher Espresso \u2013 2.00\u20ac<br>Einfacher Espresso koffeinfrei \u2013 2.00\u20ac<br>Flat White \u2013 2.80\u20ac<br>Flat White koffeinfrei \u2013 2.80\u20ac<br>Frappe \u2013 2.50\u20ac<br>Frappe koffeinfrei \u2013 2.50\u20ac<br>Freddo Cappuccino \u2013 2.80\u20ac<br>Freddo Cappuccino koffeinfrei \u2013 2.80\u20ac<br>Freddo Espresso \u2013 2.20\u20ac<br>Freddo Espresso koffeinfrei \u2013 2.20\u20ac<br>Hei\u00dfer Latte \u2013 2.50\u20ac<br>Hei\u00dfer Latte koffeinfrei \u2013 2.50\u20ac<br>Kalter Latte \u2013 2.50\u20ac<br>Kalter Latte koffeinfrei \u2013 2.50\u20ac<br>Nescaf\u00e9 \u2013 2.50\u20ac<br>Nescaf\u00e9 koffeinfrei \u2013 2.50\u20ac<br>Doppelter griechischer Kaffee \u2013 2.50\u20ac<br>Einfacher griechischer Kaffee \u2013 2.00\u20ac<br>Hei\u00dfe Schokolade \u2013 3.00\u20ac<br>Kalte Schokolade \u2013 3.00\u20ac<br>Three Cents Pink Grapefruit 200ML \u2013 3.00\u20ac<br>Three Cents Tonic Water 200ML \u2013 3.00\u20ac<br>Coca-Cola 330ml \u2013 2.50\u20ac<br>Coca-Cola Zero 330ml \u2013 2.50\u20ac<br>Schweppes Soda 330ml \u2013 2.50\u20ac<br>Limonade 330ml \u2013 2.50\u20ac<br>Orangenlimonade 330ml \u2013 2.50\u20ac<br>Wasser 500ML \u2013 0.50\u20ac<br>Mineralwasser 250ML \u2013 2.50\u20ac<br>Bier Carlsberg 330ML \u2013 3.00\u20ac<br>Bier Peroni 330ML \u2013 3.50\u20ac<\/p>\n<p><\/p>\t\t\t\t\t\t\t\t<\/div>\n\t\t\t\t<\/div>\n\t\t\t\t\t<\/div>\n\t\t\t\t<\/div>\n\t\t<div class=\"elementor-element elementor-element-31ef155 e-flex e-con-boxed e-con e-parent\" data-id=\"31ef155\" data-element_type=\"container\">\n\t\t\t\t\t<div class=\"e-con-inner\">\n\t\t\t\t<div class=\"elementor-element elementor-element-2b0a37f elementor-widget elementor-widget-text-editor\" data-id=\"2b0a37f\" data-element_type=\"widget\" data-widget_type=\"text-editor.default\">\n\t\t\t\t<div class=\"elementor-widget-container\">\n\t\t\t\t\t\t\t\t\t<p>Lorem ipsum dolor sit amet, consectetur adipiscing elit. Ut elit tellus, luctus nec ullamcorper mattis, pulvinar dapibus leo.<\/p>\t\t\t\t\t\t\t\t<\/div>\n\t\t\t\t<\/div>\n\t\t\t\t\t<\/div>\n\t\t\t\t<\/div>\n\t\t\t\t<\/div>\n\t\t","protected":false},"excerpt":{"rendered":"<p>PANINI \/ FOCACCIA BURRATA VEGETARIAN \u2013 8,00\u20acFrische Burrata, Basilikumpesto, Tomate und gemischte Blattsalate. DI SANTO \u2013 8,00\u20acMortadella mit Pistazien, Parmigiano Reggiano, Basilikumpesto, Stracciatella und Feldsalat. PARMA \u2013 8,00\u20acProsciutto di Parma, Mozzarella fior di latte, Stracciatella, Kirschtomaten und Rucola. PASTRAMI \u2013 7,50\u20acRinderpastrami, Sauce Tartar, gereifter sardischer Pecorino mit Pfeffer und Eisbergsalat. TARTUFO \u2013 9,00\u20acSalami Milano, Tr\u00fcffelmayonnaise, [&hellip;]<\/p>\n","protected":false},"author":1,"featured_media":0,"parent":0,"menu_order":0,"comment_status":"closed","ping_status":"closed","template":"","meta":{"footnotes":""},"class_list":["post-383","page","type-page","status-publish","hentry"],"_links":{"self":[{"href":"https:\/\/paniniartistici.gr\/index.php\/wp-json\/wp\/v2\/pages\/383","targetHints":{"allow":["GET"]}}],"collection":[{"href":"https:\/\/paniniartistici.gr\/index.php\/wp-json\/wp\/v2\/pages"}],"about":[{"href":"https:\/\/paniniartistici.gr\/index.php\/wp-json\/wp\/v2\/types\/page"}],"author":[{"embeddable":true,"href":"https:\/\/paniniartistici.gr\/index.php\/wp-json\/wp\/v2\/users\/1"}],"replies":[{"embeddable":true,"href":"https:\/\/paniniartistici.gr\/index.php\/wp-json\/wp\/v2\/comments?post=383"}],"version-history":[{"count":28,"href":"https:\/\/paniniartistici.gr\/index.php\/wp-json\/wp\/v2\/pages\/383\/revisions"}],"predecessor-version":[{"id":835,"href":"https:\/\/paniniartistici.gr\/index.php\/wp-json\/wp\/v2\/pages\/383\/revisions\/835"}],"wp:attachment":[{"href":"https:\/\/paniniartistici.gr\/index.php\/wp-json\/wp\/v2\/media?parent=383"}],"curies":[{"name":"wp","href":"https:\/\/api.w.org\/{rel}","templated":true}]}}