{"id":398,"date":"2024-09-09T14:17:54","date_gmt":"2024-09-09T14:17:54","guid":{"rendered":"https:\/\/menu.eleavouliagmeni.gr\/?page_id=398"},"modified":"2026-02-26T13:12:57","modified_gmt":"2026-02-26T13:12:57","slug":"menu-espanol","status":"publish","type":"page","link":"https:\/\/paniniartistici.gr\/index.php\/es\/menu-espanol\/","title":{"rendered":"Menu-Espanol"},"content":{"rendered":"\t\t<div data-elementor-type=\"wp-page\" data-elementor-id=\"398\" class=\"elementor elementor-398\" data-elementor-post-type=\"page\">\n\t\t\t\t<div class=\"elementor-element elementor-element-37e2091 e-flex e-con-boxed e-con e-parent\" data-id=\"37e2091\" data-element_type=\"container\">\n\t\t\t\t\t<div class=\"e-con-inner\">\n\t\t\t\t<div class=\"elementor-element elementor-element-5000963 elementor-widget elementor-widget-text-editor\" data-id=\"5000963\" data-element_type=\"widget\" data-widget_type=\"text-editor.default\">\n\t\t\t\t<div class=\"elementor-widget-container\">\n\t\t\t\t\t\t\t\t\t<p><strong>PANINI \/ FOCACCIA<\/strong><\/p>\n<p><strong>BURRATA VEGETARIAN<\/strong> \u2013 8,00\u20ac<br>Burrata fresca, pesto de albahaca, tomate y mezcla de hojas verdes.<\/p>\n<p><strong>DI SANTO<\/strong> \u2013 8,00\u20ac<br>Mortadela con pistacho, Parmigiano Reggiano, pesto de albahaca, stracciatella y can\u00f3nigos.<\/p>\n<p><strong>PARMA<\/strong> \u2013 8,00\u20ac<br>Prosciutto di Parma, mozzarella fior di latte, stracciatella, tomates cherry y r\u00facula.<\/p>\n<p><strong>PASTRAMI<\/strong> \u2013 7,50\u20ac<br>Pastrami de ternera, salsa t\u00e1rtara, pecorino sardo curado con pimienta y lechuga iceberg.<\/p>\n<p><strong>TARTUFO<\/strong> \u2013 9,00\u20ac<br>Salami Milano, mayonesa de trufa, pecorino con trufa y cebolla caramelizada.<\/p>\n<p><strong>SCRAMBLED EGGS<\/strong> \u2013 7,50\u20ac<br>Pavo israel\u00ed, queso fontina, r\u00facula, mayonesa de hierbas y tomate.<\/p>\n<p><strong>POLO<\/strong> \u2013 6,50\u20ac<br>Pollo empanado, salsa alioli, Parmigiano Reggiano y r\u00facula.<\/p>\n<p><strong>PORCHETTA<\/strong> \u2013 9,00\u20ac<br>Porchetta, queso provola, cebolla crujiente, ensalada coleslaw y mostaza Dijon.<\/p>\n<p><strong>SMYRNI<\/strong> \u2013 8,00\u20ac<br>Soutzouki, yogur con menta, queso kasseri, tomates cherry semi-secos y cebolla encurtida.<\/p>\n<p><strong>SALMON<\/strong> \u2013 9,00\u20ac<br>Salm\u00f3n ahumado, crema agria, pepino, r\u00facula, lim\u00f3n confitado, eneldo y queso brie.<\/p>\n<p><strong>MELANZANE VEGETARIAN<\/strong> \u2013 7,00\u20ac<br>Crema de berenjena ahumada, queso de cabra, chutney de tomate y berenjena a la parrilla.<\/p>\n<p><strong>TUNA<\/strong> \u2013 9,00\u20ac<br>Aceite de oliva, r\u00facula, cebolla fresca, pepino, eneldo, at\u00fan y crema agria.<\/p>\n<p><strong>VEGGIE VEGAN<\/strong> \u2013 6,00\u20ac<br>Pimiento asado, calabac\u00edn, ma\u00edz tostado y hummus.<\/p>\n<p><strong>GREKA<\/strong> \u2013 6,50\u20ac<br>Mousse de feta, aceitunas, tomate, or\u00e9gano y alcaparras.<\/p>\n<p><strong>BOUGATSA<\/strong> \u2013 4,80\u20ac<br>Crema de bougatsa, az\u00facar glas y canela.<\/p>\n<p><strong>PINSA<\/strong><\/p>\n<p><strong>MARGHERITA VEGETARIAN<\/strong> \u2013 6,50\u20ac<br>Tomates San Marzano, Parmigiano Reggiano, mozzarella fior di latte, tomates cherry y albahaca.<\/p>\n<p><strong>GRECA VEGETARIAN<\/strong> \u2013 6,00\u20ac<br>Tomates San Marzano, feta, pimientos, champi\u00f1ones, mozzarella y aceitunas.<\/p>\n<p><strong>PARMA<\/strong> \u2013 8,00\u20ac<br>Prosciutto di Parma, mozzarella fior di latte, parmesano, r\u00facula y tomates San Marzano.<\/p>\n<p><strong>DI SANTO<\/strong> \u2013 8,00\u20ac<br>Mortadela, Parmigiano Reggiano, pesto de albahaca, stracciatella, mozzarella y can\u00f3nigos.<\/p>\n<p><strong>POLO<\/strong> \u2013 8,00\u20ac<br>Pollo empanado, salsa alioli, Parmigiano Reggiano, mozzarella y r\u00facula.<\/p>\n<p><strong>TIRAMISU<\/strong><\/p>\n<p><strong>CLASSIC<\/strong><br>Individual 5,00\u20ac | Familiar 25,00\u20ac<br>Aut\u00e9ntico tiramis\u00fa italiano en su versi\u00f3n m\u00e1s elegante: crema de mascarpone ligera y arom\u00e1tica y bizcochos savoiardi ba\u00f1ados en espresso reci\u00e9n preparado. Sencillo, atemporal e irresistible.<\/p>\n<p><strong>PISTACHIO<\/strong><br>Individual 6,00\u20ac | Familiar 27,00\u20ac<br>Una versi\u00f3n lujosa con crema de tiramis\u00fa aterciopelada combinada con rica pralin\u00e9 de pistacho. Bizcochos ligeramente humedecidos y pistachos caramelizados para un sabor equilibrado e intenso.<\/p>\n<p><strong>CHOCOLATE<\/strong><br>Individual 5,00\u20ac | Familiar 25,00\u20ac<br>Cremoso, chocolatoso y reconfortante: crema de tiramis\u00fa con salsa de chocolate con leche, trozos crujientes de chocolate y pralin\u00e9 de avellana.<\/p>\n<p><strong>BISCOTTI LOTUS<\/strong><br>Individual 6,00\u20ac | Familiar 27,00\u20ac<br>Tiramis\u00fa aterciopelado con el caracter\u00edstico sabor caramelizado de las galletas Lotus. Capas de crema Lotus y galletas ligeramente ba\u00f1adas en caf\u00e9, finalizado con trozos crujientes.<\/p>\n<p><strong>BEVERAGES &amp; COFFEE<\/strong><\/p>\n<p>Capuchino Doble \u2013 2.80\u20ac<br>Capuchino Doble Descafeinado \u2013 2.80\u20ac<br>Capuchino Simple \u2013 2.30\u20ac<br>Americano Doble \u2013 2.50\u20ac<br>Americano Doble Descafeinado \u2013 2.50\u20ac<br>Americano Simple \u2013 2.00\u20ac<br>Americano Simple Descafeinado \u2013 2.00\u20ac<br>Cortado \u2013 2.30\u20ac<br>Cortado Descafeinado \u2013 2.30\u20ac<br>Espresso Doble \u2013 2.50\u20ac<br>Espresso Doble Descafeinado \u2013 2.50\u20ac<br>Espresso Simple \u2013 2.00\u20ac<br>Espresso Simple Descafeinado \u2013 2.00\u20ac<br>Flat White \u2013 2.80\u20ac<br>Flat White Descafeinado \u2013 2.80\u20ac<br>Frappe \u2013 2.50\u20ac<br>Frappe Descafeinado \u2013 2.50\u20ac<br>Freddo Capuchino \u2013 2.80\u20ac<br>Freddo Capuchino Descafeinado \u2013 2.80\u20ac<br>Freddo Espresso \u2013 2.20\u20ac<br>Freddo Espresso Descafeinado \u2013 2.20\u20ac<br>Latte Caliente \u2013 2.50\u20ac<br>Latte Caliente Descafeinado \u2013 2.50\u20ac<br>Latte Fr\u00edo \u2013 2.50\u20ac<br>Latte Fr\u00edo Descafeinado \u2013 2.50\u20ac<br>Nescaf\u00e9 \u2013 2.50\u20ac<br>Nescaf\u00e9 Descafeinado \u2013 2.50\u20ac<br>Caf\u00e9 Griego Doble \u2013 2.50\u20ac<br>Caf\u00e9 Griego Simple \u2013 2.00\u20ac<br>Chocolate Caliente \u2013 3.00\u20ac<br>Chocolate Fr\u00edo \u2013 3.00\u20ac<br>Three Cents Pink Grapefruit 200ML \u2013 3.00\u20ac<br>Three Cents Tonic Water 200ML \u2013 3.00\u20ac<br>Coca-Cola 330ml \u2013 2.50\u20ac<br>Coca-Cola Zero 330ml \u2013 2.50\u20ac<br>Schweppes Soda 330ml \u2013 2.50\u20ac<br>Limonada 330ml \u2013 2.50\u20ac<br>Refresco de Naranja 330ml \u2013 2.50\u20ac<br>Agua 500ML \u2013 0.50\u20ac<br>Agua Mineral con Gas 250ML \u2013 2.50\u20ac<br>Cerveza Carlsberg 330ML \u2013 3.00\u20ac<br>Cerveza Peroni 330ML \u2013 3.50\u20ac<\/p>\n<p><\/p>\t\t\t\t\t\t\t\t<\/div>\n\t\t\t\t<\/div>\n\t\t\t\t\t<\/div>\n\t\t\t\t<\/div>\n\t\t<div class=\"elementor-element elementor-element-6784a4e e-flex e-con-boxed e-con e-parent\" data-id=\"6784a4e\" data-element_type=\"container\">\n\t\t\t\t\t<div class=\"e-con-inner\">\n\t\t\t\t<div class=\"elementor-element elementor-element-40e8412 elementor-widget elementor-widget-text-editor\" data-id=\"40e8412\" data-element_type=\"widget\" data-widget_type=\"text-editor.default\">\n\t\t\t\t<div class=\"elementor-widget-container\">\n\t\t\t\t\t\t\t\t\t<p>Lorem ipsum dolor sit amet, consectetur adipiscing elit. Ut elit tellus, luctus nec ullamcorper mattis, pulvinar dapibus leo.<\/p>\t\t\t\t\t\t\t\t<\/div>\n\t\t\t\t<\/div>\n\t\t\t\t\t<\/div>\n\t\t\t\t<\/div>\n\t\t\t\t<\/div>\n\t\t","protected":false},"excerpt":{"rendered":"<p>PANINI \/ FOCACCIA BURRATA VEGETARIAN \u2013 8,00\u20acBurrata fresca, pesto de albahaca, tomate y mezcla de hojas verdes. DI SANTO \u2013 8,00\u20acMortadela con pistacho, Parmigiano Reggiano, pesto de albahaca, stracciatella y can\u00f3nigos. PARMA \u2013 8,00\u20acProsciutto di Parma, mozzarella fior di latte, stracciatella, tomates cherry y r\u00facula. PASTRAMI \u2013 7,50\u20acPastrami de ternera, salsa t\u00e1rtara, pecorino sardo curado [&hellip;]<\/p>\n","protected":false},"author":1,"featured_media":0,"parent":0,"menu_order":0,"comment_status":"closed","ping_status":"closed","template":"","meta":{"footnotes":""},"class_list":["post-398","page","type-page","status-publish","hentry"],"_links":{"self":[{"href":"https:\/\/paniniartistici.gr\/index.php\/wp-json\/wp\/v2\/pages\/398","targetHints":{"allow":["GET"]}}],"collection":[{"href":"https:\/\/paniniartistici.gr\/index.php\/wp-json\/wp\/v2\/pages"}],"about":[{"href":"https:\/\/paniniartistici.gr\/index.php\/wp-json\/wp\/v2\/types\/page"}],"author":[{"embeddable":true,"href":"https:\/\/paniniartistici.gr\/index.php\/wp-json\/wp\/v2\/users\/1"}],"replies":[{"embeddable":true,"href":"https:\/\/paniniartistici.gr\/index.php\/wp-json\/wp\/v2\/comments?post=398"}],"version-history":[{"count":32,"href":"https:\/\/paniniartistici.gr\/index.php\/wp-json\/wp\/v2\/pages\/398\/revisions"}],"predecessor-version":[{"id":841,"href":"https:\/\/paniniartistici.gr\/index.php\/wp-json\/wp\/v2\/pages\/398\/revisions\/841"}],"wp:attachment":[{"href":"https:\/\/paniniartistici.gr\/index.php\/wp-json\/wp\/v2\/media?parent=398"}],"curies":[{"name":"wp","href":"https:\/\/api.w.org\/{rel}","templated":true}]}}