{"id":637,"date":"2025-03-18T14:41:16","date_gmt":"2025-03-18T14:41:16","guid":{"rendered":"https:\/\/paniniartistici.gr\/?page_id=637"},"modified":"2026-02-26T13:17:25","modified_gmt":"2026-02-26T13:17:25","slug":"menu-serbian","status":"publish","type":"page","link":"https:\/\/paniniartistici.gr\/index.php\/menu-serbian\/","title":{"rendered":"Serbian"},"content":{"rendered":"\t\t<div data-elementor-type=\"wp-page\" data-elementor-id=\"637\" class=\"elementor elementor-637\" data-elementor-post-type=\"page\">\n\t\t\t\t<div class=\"elementor-element elementor-element-72c6934 e-flex e-con-boxed e-con e-parent\" data-id=\"72c6934\" data-element_type=\"container\">\n\t\t\t\t\t<div class=\"e-con-inner\">\n\t\t\t\t<div class=\"elementor-element elementor-element-b14c4ee elementor-widget elementor-widget-text-editor\" data-id=\"b14c4ee\" data-element_type=\"widget\" data-widget_type=\"text-editor.default\">\n\t\t\t\t<div class=\"elementor-widget-container\">\n\t\t\t\t\t\t\t\t\t<p><strong>PANINI \/ FOCACCIA<\/strong><\/p><p><strong>BURRATA VEGETARIAN<\/strong> \u2013 8,00\u20ac<br \/>Sve\u017ea burata, pesto od bosiljka, paradajz i miks zelenih salata.<\/p><p><strong>DI SANTO<\/strong> \u2013 8,00\u20ac<br \/>Mortadela sa pista\u0107ima, Parmigiano Reggiano, pesto od bosiljka, stracciatella i valerijana.<\/p><p><strong>PARMA<\/strong> \u2013 8,00\u20ac<br \/>Prosciutto di Parma, mozzarella fior di latte, stracciatella, \u010deri paradajz i rukola.<\/p><p><strong>PASTRAMI<\/strong> \u2013 7,50\u20ac<br \/>Gove\u0111i pastrami, tartar sos, zreli sardinski pekorino sa biberom i iceberg salata.<\/p><p><strong>TARTUFO<\/strong> \u2013 9,00\u20ac<br \/>Salama Milano, majonez sa tartufima, pekorino sa tartufima i karamelizovani luk.<\/p><p><strong>SCRAMBLED EGGS<\/strong> \u2013 7,50\u20ac<br \/>\u0106uretina (Izrael), sir fontina, rukola, majonez sa za\u010dinskim biljem i paradajz.<\/p><p><strong>POLO<\/strong> \u2013 6,50\u20ac<br \/>Pohovana piletina, aioli sos, Parmigiano Reggiano i rukola.<\/p><p><strong>PORCHETTA<\/strong> \u2013 9,00\u20ac<br \/>Porchetta, sir provola, hrskavi luk, coleslaw salata i Dijon senf.<\/p><p><strong>SMYRNI<\/strong> \u2013 8,00\u20ac<br \/>Sudzuk, jogurt sa nanom, sir ka\u0161eri, polusu\u0161eni \u010deri paradajz i kiseli luk.<\/p><p><strong>SALMON<\/strong> \u2013 9,00\u20ac<br \/>Dimljeni losos, kisela pavlaka, krastavac, rukola, konfitovani limun, miro\u0111ija i sir brie.<\/p><p><strong>MELANZANE VEGETARIAN<\/strong> \u2013 7,00\u20ac<br \/>Dimljeni krem od patlid\u017eana, kozji sir, \u010datni od paradajza i grilovani patlid\u017ean.<\/p><p><strong>TUNA<\/strong> \u2013 9,00\u20ac<br \/>Maslinovo ulje, rukola, mladi luk, krastavac, miro\u0111ija, tuna i kisela pavlaka.<\/p><p><strong>VEGGIE VEGAN<\/strong> \u2013 6,00\u20ac<br \/>Pe\u010dena paprika, tikvica, pe\u010deni kukuruz i humus.<\/p><p><strong>GREKA<\/strong> \u2013 6,50\u20ac<br \/>Mus od fete, masline, paradajz, origano i kapari.<\/p><p><strong>BOUGATSA<\/strong> \u2013 4,80\u20ac<br \/>Krema bougatsa, \u0161e\u0107er u prahu i cimet.<\/p><p><strong>PINSA<\/strong><\/p><p><strong>MARGHERITA VEGETARIAN<\/strong> \u2013 6,50\u20ac<br \/>San Marzano paradajz, Parmigiano Reggiano, mozzarella fior di latte, \u010deri paradajz i bosiljak.<\/p><p><strong>GRECA VEGETARIAN<\/strong> \u2013 6,00\u20ac<br \/>San Marzano paradajz, feta, paprika, pe\u010durke, mozzarella i masline.<\/p><p><strong>PARMA<\/strong> \u2013 8,00\u20ac<br \/>Prosciutto di Parma, mozzarella fior di latte, parmezan, rukola i San Marzano paradajz.<\/p><p><strong>DI SANTO<\/strong> \u2013 8,00\u20ac<br \/>Mortadela, Parmigiano Reggiano, pesto od bosiljka, stracciatella, mozzarella i valerijana.<\/p><p><strong>POLO<\/strong> \u2013 8,00\u20ac<br \/>Pohovana piletina, aioli sos, Parmigiano Reggiano, mozzarella i rukola.<\/p><p><strong>TIRAMISU<\/strong><\/p><p><strong>CLASSIC<\/strong><br \/>Pojedina\u010dna porcija 5,00\u20ac | Porodi\u010dna 25,00\u20ac<br \/>Autenti\u010dni italijanski tiramisu u svojoj najfinijoj verziji: lagana i aromati\u010dna mascarpone krema i pi\u0161kote natopljene sve\u017ee pripremljenim espresom. Jednostavno, bezvremensko i neodoljivo.<\/p><p><strong>PISTACHIO<\/strong><br \/>Pojedina\u010dna porcija 6,00\u20ac | Porodi\u010dna 27,00\u20ac<br \/>Luksuzna verzija sa bar\u0161unastom tiramisu kremom i bogatim pista\u0107 pralinom. Blago natopljene pi\u0161kote i karamelizovani pista\u0107i pru\u017eaju uravnote\u017een i intenzivan ukus.<\/p><p><strong>CHOCOLATE<\/strong><br \/>Pojedina\u010dna porcija 5,00\u20ac | Porodi\u010dna 25,00\u20ac<br \/>Kremasto, \u010dokoladno i potpuno ute\u0161no: tiramisu krema sa mle\u010dnim \u010dokoladnim sosom, hrskavim komadi\u0107ima \u010dokolade i pralinom od le\u0161nika.<\/p><p><strong>BISCOTTI LOTUS<\/strong><br \/>Pojedina\u010dna porcija 6,00\u20ac | Porodi\u010dna 27,00\u20ac<br \/>Bar\u0161unasti tiramisu sa prepoznatljivim karamel ukusom Lotus keksa. Slojevi Lotus kreme i blago natopljenih keksa, zavr\u0161eni hrskavim komadi\u0107ima.<\/p><p><strong>BEVERAGES &amp; COFFEE<\/strong><\/p><p>Dupli Cappuccino \u2013 2.80\u20ac<br \/>Dupli Cappuccino bez kofeina \u2013 2.80\u20ac<br \/>Jednostruki Cappuccino \u2013 2.30\u20ac<br \/>Dupli Americano \u2013 2.50\u20ac<br \/>Dupli Americano bez kofeina \u2013 2.50\u20ac<br \/>Jednostruki Americano \u2013 2.00\u20ac<br \/>Jednostruki Americano bez kofeina \u2013 2.00\u20ac<br \/>Cortado \u2013 2.30\u20ac<br \/>Cortado bez kofeina \u2013 2.30\u20ac<br \/>Dupli Espresso \u2013 2.50\u20ac<br \/>Dupli Espresso bez kofeina \u2013 2.50\u20ac<br \/>Jednostruki Espresso \u2013 2.00\u20ac<br \/>Jednostruki Espresso bez kofeina \u2013 2.00\u20ac<br \/>Flat White \u2013 2.80\u20ac<br \/>Flat White bez kofeina \u2013 2.80\u20ac<br \/>Frappe \u2013 2.50\u20ac<br \/>Frappe bez kofeina \u2013 2.50\u20ac<br \/>Freddo Cappuccino \u2013 2.80\u20ac<br \/>Freddo Cappuccino bez kofeina \u2013 2.80\u20ac<br \/>Freddo Espresso \u2013 2.20\u20ac<br \/>Freddo Espresso bez kofeina \u2013 2.20\u20ac<br \/>Topli Latte \u2013 2.50\u20ac<br \/>Topli Latte bez kofeina \u2013 2.50\u20ac<br \/>Hladni Latte \u2013 2.50\u20ac<br \/>Hladni Latte bez kofeina \u2013 2.50\u20ac<br \/>Nescaf\u00e9 \u2013 2.50\u20ac<br \/>Nescaf\u00e9 bez kofeina \u2013 2.50\u20ac<br \/>Dupla Gr\u010dka Kafa \u2013 2.50\u20ac<br \/>Jednostruka Gr\u010dka Kafa \u2013 2.00\u20ac<br \/>Topla \u010cokolada \u2013 3.00\u20ac<br \/>Hladna \u010cokolada \u2013 3.00\u20ac<br \/>Three Cents Pink Grapefruit 200ML \u2013 3.00\u20ac<br \/>Three Cents Tonic Water 200ML \u2013 3.00\u20ac<br \/>Coca-Cola 330ml \u2013 2.50\u20ac<br \/>Coca-Cola Zero 330ml \u2013 2.50\u20ac<br \/>Schweppes Soda 330ml \u2013 2.50\u20ac<br \/>Limunada 330ml \u2013 2.50\u20ac<br \/>Napolitak od Pomorand\u017ee 330ml \u2013 2.50\u20ac<br \/>Voda 500ML \u2013 0.50\u20ac<br \/>Gazirana Voda 250ML \u2013 2.50\u20ac<br \/>Pivo Carlsberg 330ML \u2013 3.00\u20ac<br \/>Pivo Peroni 330ML \u2013 3.50\u20ac<\/p>\t\t\t\t\t\t\t\t<\/div>\n\t\t\t\t<\/div>\n\t\t\t\t\t<\/div>\n\t\t\t\t<\/div>\n\t\t\t\t<\/div>\n\t\t","protected":false},"excerpt":{"rendered":"<p>PANINI \/ FOCACCIA BURRATA VEGETARIAN \u2013 8,00\u20acSve\u017ea burata, pesto od bosiljka, paradajz i miks zelenih salata. DI SANTO \u2013 8,00\u20acMortadela sa pista\u0107ima, Parmigiano Reggiano, pesto od bosiljka, stracciatella i valerijana. PARMA \u2013 8,00\u20acProsciutto di Parma, mozzarella fior di latte, stracciatella, \u010deri paradajz i rukola. PASTRAMI \u2013 7,50\u20acGove\u0111i pastrami, tartar sos, zreli sardinski pekorino sa biberom [&hellip;]<\/p>\n","protected":false},"author":2,"featured_media":0,"parent":0,"menu_order":0,"comment_status":"closed","ping_status":"closed","template":"","meta":{"footnotes":""},"class_list":["post-637","page","type-page","status-publish","hentry"],"_links":{"self":[{"href":"https:\/\/paniniartistici.gr\/index.php\/wp-json\/wp\/v2\/pages\/637","targetHints":{"allow":["GET"]}}],"collection":[{"href":"https:\/\/paniniartistici.gr\/index.php\/wp-json\/wp\/v2\/pages"}],"about":[{"href":"https:\/\/paniniartistici.gr\/index.php\/wp-json\/wp\/v2\/types\/page"}],"author":[{"embeddable":true,"href":"https:\/\/paniniartistici.gr\/index.php\/wp-json\/wp\/v2\/users\/2"}],"replies":[{"embeddable":true,"href":"https:\/\/paniniartistici.gr\/index.php\/wp-json\/wp\/v2\/comments?post=637"}],"version-history":[{"count":18,"href":"https:\/\/paniniartistici.gr\/index.php\/wp-json\/wp\/v2\/pages\/637\/revisions"}],"predecessor-version":[{"id":859,"href":"https:\/\/paniniartistici.gr\/index.php\/wp-json\/wp\/v2\/pages\/637\/revisions\/859"}],"wp:attachment":[{"href":"https:\/\/paniniartistici.gr\/index.php\/wp-json\/wp\/v2\/media?parent=637"}],"curies":[{"name":"wp","href":"https:\/\/api.w.org\/{rel}","templated":true}]}}