{"id":650,"date":"2025-03-18T14:47:03","date_gmt":"2025-03-18T14:47:03","guid":{"rendered":"https:\/\/paniniartistici.gr\/?page_id=650"},"modified":"2026-02-26T12:55:02","modified_gmt":"2026-02-26T12:55:02","slug":"menu-albanian","status":"publish","type":"page","link":"https:\/\/paniniartistici.gr\/index.php\/menu-albanian\/","title":{"rendered":"Albanian"},"content":{"rendered":"\t\t<div data-elementor-type=\"wp-page\" data-elementor-id=\"650\" class=\"elementor elementor-650\" data-elementor-post-type=\"page\">\n\t\t\t\t<div class=\"elementor-element elementor-element-3ab705e e-flex e-con-boxed e-con e-parent\" data-id=\"3ab705e\" data-element_type=\"container\">\n\t\t\t\t\t<div class=\"e-con-inner\">\n\t\t\t\t<div class=\"elementor-element elementor-element-56aa727 elementor-widget elementor-widget-text-editor\" data-id=\"56aa727\" data-element_type=\"widget\" data-widget_type=\"text-editor.default\">\n\t\t\t\t<div class=\"elementor-widget-container\">\n\t\t\t\t\t\t\t\t\t<p><strong>PANINI \/ FOCACCIA<\/strong><\/p>\n<p><strong>BURRATA VEGETARIAN<\/strong> \u2013 8,00\u20ac<br>Burrata e fresk\u00ebt, pesto borziloku, domate dhe p\u00ebrzierje sallatash jeshile.<\/p>\n<p><strong>DI SANTO<\/strong> \u2013 8,00\u20ac<br>Mortadella me f\u00ebst\u00ebk, Parmigiano Reggiano, pesto borziloku, stracciatella dhe sallat\u00eb valeriana.<\/p>\n<p><strong>PARMA<\/strong> \u2013 8,00\u20ac<br>Prosciutto di Parma, mozzarella fior di latte, stracciatella, domate qershi dhe rukola.<\/p>\n<p><strong>PASTRAMI<\/strong> \u2013 7,50\u20ac<br>Pastrami vi\u00e7i, salc\u00eb tartare, pecorino sard i vjet\u00ebruar me piper dhe sallat\u00eb iceberg.<\/p>\n<p><strong>TARTUFO<\/strong> \u2013 9,00\u20ac<br>Salam Milano, majonez\u00eb me tartuf, pecorino me tartuf dhe qep\u00eb t\u00eb karamelizuara.<\/p>\n<p><strong>SCRAMBLED EGGS<\/strong> \u2013 7,50\u20ac<br>Gjel deti izraelit, djath\u00eb fontina, rukola, majonez\u00eb me barishte dhe domate.<\/p>\n<p><strong>POLO<\/strong> \u2013 6,50\u20ac<br>Pul\u00eb e panxhuar, salc\u00eb aioli, Parmigiano Reggiano dhe rukola.<\/p>\n<p><strong>PORCHETTA<\/strong> \u2013 9,00\u20ac<br>Porchetta, djath\u00eb provola, qep\u00eb krokante, coleslaw dhe mustard\u00eb Dijon.<\/p>\n<p><strong>SMYRNI<\/strong> \u2013 8,00\u20ac<br>Suxhuk, kos me nenexhik, djath\u00eb kasseri, domate gjysm\u00eb t\u00eb thata dhe qep\u00eb turshi.<\/p>\n<p><strong>SALMON<\/strong> \u2013 9,00\u20ac<br>Salmon i tymosur, krem i thart\u00eb, kastravec, rukola, limon confit, kop\u00ebr dhe djath\u00eb brie.<\/p>\n<p><strong>MELANZANE VEGETARIAN<\/strong> \u2013 7,00\u20ac<br>Krem pat\u00ebllxhani i tymosur, djath\u00eb caprino, chutney domateje dhe pat\u00ebllxhan i pjekur.<\/p>\n<p><strong>TUNA<\/strong> \u2013 9,00\u20ac<br>Vaj ulliri, rukola, qep\u00eb e fresk\u00ebt, kastravec, kop\u00ebr, ton dhe krem i thart\u00eb.<\/p>\n<p><strong>VEGGIE VEGAN<\/strong> \u2013 6,00\u20ac<br>Spec i pjekur, kungull i njom\u00eb, mis\u00ebr i pjekur dhe humus.<\/p>\n<p><strong>GREKA<\/strong> \u2013 6,50\u20ac<br>Mus feteer, ullinj, domate, rigon dhe kaperi.<\/p>\n<p><strong>BOUGATSA<\/strong> \u2013 4,80\u20ac<br>Krem bougatsa, sheqer pluhur dhe kanell\u00eb.<\/p>\n<p><strong>PINSA<\/strong><\/p>\n<p><strong>MARGHERITA VEGETARIAN<\/strong> \u2013 6,50\u20ac<br>Domate San Marzano, Parmigiano Reggiano, mozzarella fior di latte, domate qershi dhe borzilok.<\/p>\n<p><strong>GRECA VEGETARIAN<\/strong> \u2013 6,00\u20ac<br>Domate San Marzano, feta, speca, k\u00ebrpudha, mozzarella dhe ullinj.<\/p>\n<p><strong>PARMA<\/strong> \u2013 8,00\u20ac<br>Prosciutto di Parma, mozzarella fior di latte, parmixhan, rukola dhe domate San Marzano.<\/p>\n<p><strong>DI SANTO<\/strong> \u2013 8,00\u20ac<br>Mortadella, Parmigiano Reggiano, pesto borziloku, stracciatella, mozzarella dhe valeriana.<\/p>\n<p><strong>POLO<\/strong> \u2013 8,00\u20ac<br>Pul\u00eb e panxhuar, salc\u00eb aioli, Parmigiano Reggiano, mozzarella dhe rukola.<\/p>\n<p><strong>TIRAMISU<\/strong><\/p>\n<p><strong>CLASSIC<\/strong><br>Individuale 5,00\u20ac | Familjare 25,00\u20ac<br>Tiramisu autentike italiane n\u00eb versionin e saj m\u00eb elegant: krem mascarpone i but\u00eb dhe aromatik, biskota savoiardi t\u00eb lagura me espresso t\u00eb fresk\u00ebt. E thjesht\u00eb, klasike dhe e parezistueshme.<\/p>\n<p><strong>PISTACHIO<\/strong><br>Individuale 6,00\u20ac | Familjare 27,00\u20ac<br>Nj\u00eb version luksoz me krem tiramisu kadifeje t\u00eb kombinuar me pralin\u00eb t\u00eb pasur f\u00ebst\u00ebku. Savoiardi t\u00eb lagura leht\u00eb dhe f\u00ebst\u00ebk i karamelizuar p\u00ebr nj\u00eb shije t\u00eb balancuar dhe t\u00eb thell\u00eb.<\/p>\n<p><strong>CHOCOLATE<\/strong><br>Individuale 5,00\u20ac | Familjare 25,00\u20ac<br>Kremoz, \u00e7okollat\u00eb dhe plot rehati: krem tiramisu me salc\u00eb \u00e7okollate qum\u00ebshti, copa krokante \u00e7okollate dhe pralin\u00eb lajthie.<\/p>\n<p><strong>BISCOTTI LOTUS<\/strong><br>Individuale 6,00\u20ac | Familjare 25,00\u20ac<br>Tiramisu kadifeje me shijen karakteristike t\u00eb karamelizuar t\u00eb biskotave Lotus. Krem Lotus n\u00eb shtresa me biskota t\u00eb lagura leht\u00eb n\u00eb kafe, i p\u00ebrfunduar me copa krokante.<\/p>\n<p><strong>PIJE &amp; KAFE<\/strong><\/p>\n<p>Cappuccino i Dyfisht\u00eb \u2013 2.80\u20ac<br>Cappuccino i Dyfisht\u00eb Pa Kafein\u00eb \u2013 2.80\u20ac<br>Cappuccino i Vet\u00ebm \u2013 2.30\u20ac<br>Americano i Dyfisht\u00eb \u2013 2.50\u20ac<br>Americano i Dyfisht\u00eb Pa Kafein\u00eb \u2013 2.50\u20ac<br>Americano i Vet\u00ebm \u2013 2.00\u20ac<br>Americano i Vet\u00ebm Pa Kafein\u00eb \u2013 2.00\u20ac<br>Cortado \u2013 2.30\u20ac<br>Cortado Pa Kafein\u00eb \u2013 2.30\u20ac<br>Espresso i Dyfisht\u00eb \u2013 2.50\u20ac<br>Espresso i Dyfisht\u00eb Pa Kafein\u00eb \u2013 2.50\u20ac<br>Espresso i Vet\u00ebm \u2013 2.00\u20ac<br>Espresso i Vet\u00ebm Pa Kafein\u00eb \u2013 2.00\u20ac<br>Flat White \u2013 2.80\u20ac<br>Flat White Pa Kafein\u00eb \u2013 2.80\u20ac<br>Frappe \u2013 2.50\u20ac<br>Frappe Pa Kafein\u00eb \u2013 2.50\u20ac<br>Freddo Cappuccino \u2013 2.80\u20ac<br>Freddo Cappuccino Pa Kafein\u00eb \u2013 2.80\u20ac<br>Freddo Espresso \u2013 2.20\u20ac<br>Freddo Espresso Pa Kafein\u00eb \u2013 2.20\u20ac<br>Latte i Ngroht\u00eb \u2013 2.50\u20ac<br>Latte i Ngroht\u00eb Pa Kafein\u00eb \u2013 2.50\u20ac<br>Latte i Ftoht\u00eb \u2013 2.50\u20ac<br>Latte i Ftoht\u00eb Pa Kafein\u00eb \u2013 2.50\u20ac<br>Nescaf\u00e9 \u2013 2.50\u20ac<br>Nescaf\u00e9 Pa Kafein\u00eb \u2013 2.50\u20ac<br>Kafe Greke e Dyfisht\u00eb \u2013 2.50\u20ac<br>Kafe Greke e Vet\u00ebm \u2013 2.00\u20ac<br>\u00c7okollat\u00eb e Nxeht\u00eb \u2013 3.00\u20ac<br>\u00c7okollat\u00eb e Ftoht\u00eb \u2013 3.00\u20ac<br>Three Cents Pink Grapefruit 200ML \u2013 3.00\u20ac<br>Three Cents Tonic Water 200ML \u2013 3.00\u20ac<br>Coca-Cola 330ml \u2013 2.50\u20ac<br>Coca-Cola Zero 330ml \u2013 2.50\u20ac<br>Schweppes Soda 330ml \u2013 2.50\u20ac<br>Limonad\u00eb 330ml \u2013 2.50\u20ac<br>Pije Portokalli 330ml \u2013 2.50\u20ac<br>Uj\u00eb 500ML \u2013 0.50\u20ac<br>Uj\u00eb Mineral 250ML \u2013 2.50\u20ac<br>Birr\u00eb Carlsberg 330ML \u2013 3.00\u20ac<br>Birr\u00eb Peroni 330ML \u2013 3.50\u20ac<\/p>\t\t\t\t\t\t\t\t<\/div>\n\t\t\t\t<\/div>\n\t\t\t\t\t<\/div>\n\t\t\t\t<\/div>\n\t\t<div class=\"elementor-element elementor-element-62adcf0 e-flex e-con-boxed e-con e-parent\" data-id=\"62adcf0\" data-element_type=\"container\">\n\t\t\t\t\t<div class=\"e-con-inner\">\n\t\t\t\t<div class=\"elementor-element elementor-element-4d100aa elementor-widget elementor-widget-text-editor\" data-id=\"4d100aa\" data-element_type=\"widget\" data-widget_type=\"text-editor.default\">\n\t\t\t\t<div class=\"elementor-widget-container\">\n\t\t\t\t\t\t\t\t\t<p>PANINI \/ FOCACCIA<br \/>BURRATA VEGETARIAN \u2013 8,00\u20ac<br \/>Burrata e fresk\u00ebt, pesto borziloku, domate dhe p\u00ebrzierje sallatash jeshile.<br \/>DI SANTO \u2013 8,00\u20ac<br \/>Mortadella me f\u00ebst\u00ebk, Parmigiano Reggiano, pesto borziloku, stracciatella dhe sallat\u00eb valeriana.<br \/>PARMA \u2013 8,00\u20ac<br \/>Prosciutto di Parma, mozzarella fior di latte, stracciatella, domate qershi dhe rukola.<br \/>PASTRAMI \u2013 7,50\u20ac<br \/>Pastrami vi\u00e7i, salc\u00eb tartare, pecorino sard i vjet\u00ebruar me piper dhe sallat\u00eb iceberg.<br \/>TARTUFO \u2013 9,00\u20ac<br \/>Salam Milano, majonez\u00eb me tartuf, pecorino me tartuf dhe qep\u00eb t\u00eb karamelizuara.<br \/>SCRAMBLED EGGS \u2013 7,50\u20ac<br \/>Gjel deti izraelit, djath\u00eb fontina, rukola, majonez\u00eb me barishte dhe domate.<br \/>POLO \u2013 6,50\u20ac<br \/>Pul\u00eb e panxhuar, salc\u00eb aioli, Parmigiano Reggiano dhe rukola.<br \/>PORCHETTA \u2013 9,00\u20ac<br \/>Porchetta, djath\u00eb provola, qep\u00eb krokante, coleslaw dhe mustard\u00eb Dijon.<br \/>SMYRNI \u2013 8,00\u20ac<br \/>Suxhuk, kos me nenexhik, djath\u00eb kasseri, domate gjysm\u00eb t\u00eb thata dhe qep\u00eb turshi.<br \/>SALMON \u2013 9,00\u20ac<br \/>Salmon i tymosur, krem i thart\u00eb, kastravec, rukola, limon confit, kop\u00ebr dhe djath\u00eb brie.<br \/>MELANZANE VEGETARIAN \u2013 7,00\u20ac<br \/>Krem pat\u00ebllxhani i tymosur, djath\u00eb caprino, chutney domateje dhe pat\u00ebllxhan i pjekur.<br \/>TUNA \u2013 9,00\u20ac<br \/>Vaj ulliri, rukola, qep\u00eb e fresk\u00ebt, kastravec, kop\u00ebr, ton dhe krem i thart\u00eb.<br \/>VEGGIE VEGAN \u2013 6,00\u20ac<br \/>Spec i pjekur, kungull i njom\u00eb, mis\u00ebr i pjekur dhe humus.<br \/>GREKA \u2013 6,50\u20ac<br \/>Mus feteer, ullinj, domate, rigon dhe kaperi.<br \/>BOUGATSA \u2013 4,80\u20ac<br \/>Krem bougatsa, sheqer pluhur dhe kanell\u00eb.<br \/>________________________________________<br \/>PINSA<br \/>MARGHERITA VEGETARIAN \u2013 6,50\u20ac<br \/>Domate San Marzano, Parmigiano Reggiano, mozzarella fior di latte, domate qershi dhe borzilok.<br \/>GRECA VEGETARIAN \u2013 6,00\u20ac<br \/>Domate San Marzano, feta, speca, k\u00ebrpudha, mozzarella dhe ullinj.<br \/>PARMA \u2013 8,00\u20ac<br \/>Prosciutto di Parma, mozzarella fior di latte, parmixhan, rukola dhe domate San Marzano.<br \/>DI SANTO \u2013 8,00\u20ac<br \/>Mortadella, Parmigiano Reggiano, pesto borziloku, stracciatella, mozzarella dhe valeriana.<br \/>POLO \u2013 8,00\u20ac<br \/>Pul\u00eb e panxhuar, salc\u00eb aioli, Parmigiano Reggiano, mozzarella dhe rukola.<br \/>________________________________________<br \/>TIRAMISU<br \/>CLASSIC<br \/>Individuale 5,00\u20ac | Familjare 22,00\u20ac<br \/>Tiramisu autentike italiane n\u00eb versionin e saj m\u00eb elegant: krem mascarpone i but\u00eb dhe aromatik, biskota savoiardi t\u00eb lagura me espresso t\u00eb fresk\u00ebt. E thjesht\u00eb, klasike dhe e parezistueshme.<br \/>PISTACHIO<br \/>Individuale 6,00\u20ac | Familjare 25,00\u20ac<br \/>Nj\u00eb version luksoz me krem tiramisu kadifeje t\u00eb kombinuar me pralin\u00eb t\u00eb pasur f\u00ebst\u00ebku. Savoiardi t\u00eb lagura leht\u00eb dhe f\u00ebst\u00ebk i karamelizuar p\u00ebr nj\u00eb shije t\u00eb balancuar dhe t\u00eb thell\u00eb.<br \/>CHOCOLATE<br \/>Individuale 5,00\u20ac | Familjare 22,00\u20ac<br \/>Kremoz, \u00e7okollat\u00eb dhe plot rehati: krem tiramisu me salc\u00eb \u00e7okollate qum\u00ebshti, copa krokante \u00e7okollate dhe pralin\u00eb lajthie.<br \/>BISCOTTI LOTUS<br \/>Individuale 6,00\u20ac | Familjare 25,00\u20ac<br \/>Tiramisu kadifeje me shijen karakteristike t\u00eb karamelizuar t\u00eb biskotave Lotus. Krem Lotus n\u00eb shtresa me biskota t\u00eb lagura leht\u00eb n\u00eb kafe, i p\u00ebrfunduar me copa krokante.<br \/>________________________________________<br \/>PIJE &amp; KAFE<br \/>Cappuccino i Dyfisht\u00eb \u2013 2.80\u20ac<br \/>Cappuccino i Dyfisht\u00eb Pa Kafein\u00eb \u2013 2.80\u20ac<br \/>Cappuccino i Vet\u00ebm \u2013 2.30\u20ac<br \/>Americano i Dyfisht\u00eb \u2013 2.50\u20ac<br \/>Americano i Dyfisht\u00eb Pa Kafein\u00eb \u2013 2.50\u20ac<br \/>Americano i Vet\u00ebm \u2013 2.00\u20ac<br \/>Americano i Vet\u00ebm Pa Kafein\u00eb \u2013 2.00\u20ac<br \/>Cortado \u2013 2.30\u20ac<br \/>Cortado Pa Kafein\u00eb \u2013 2.30\u20ac<br \/>Espresso i Dyfisht\u00eb \u2013 2.50\u20ac<br \/>Espresso i Dyfisht\u00eb Pa Kafein\u00eb \u2013 2.50\u20ac<br \/>Espresso i Vet\u00ebm \u2013 2.00\u20ac<br \/>Espresso i Vet\u00ebm Pa Kafein\u00eb \u2013 2.00\u20ac<br \/>Flat White \u2013 2.80\u20ac<br \/>Flat White Pa Kafein\u00eb \u2013 2.80\u20ac<br \/>Frappe \u2013 2.50\u20ac<br \/>Frappe Pa Kafein\u00eb \u2013 2.50\u20ac<br \/>Freddo Cappuccino \u2013 2.80\u20ac<br \/>Freddo Cappuccino Pa Kafein\u00eb \u2013 2.80\u20ac<br \/>Freddo Espresso \u2013 2.20\u20ac<br \/>Freddo Espresso Pa Kafein\u00eb \u2013 2.20\u20ac<br \/>Latte i Ngroht\u00eb \u2013 2.50\u20ac<br \/>Latte i Ngroht\u00eb Pa Kafein\u00eb \u2013 2.50\u20ac<br \/>Latte i Ftoht\u00eb \u2013 2.50\u20ac<br \/>Latte i Ftoht\u00eb Pa Kafein\u00eb \u2013 2.50\u20ac<br \/>Nescaf\u00e9 \u2013 2.50\u20ac<br \/>Nescaf\u00e9 Pa Kafein\u00eb \u2013 2.50\u20ac<br \/>Kafe Greke e Dyfisht\u00eb \u2013 2.50\u20ac<br \/>Kafe Greke e Vet\u00ebm \u2013 2.00\u20ac<br \/>\u00c7okollat\u00eb e Nxeht\u00eb \u2013 3.00\u20ac<br \/>\u00c7okollat\u00eb e Ftoht\u00eb \u2013 3.00\u20ac<br \/>Three Cents Pink Grapefruit 200ML \u2013 3.00\u20ac<br \/>Three Cents Tonic Water 200ML \u2013 3.00\u20ac<br \/>Coca-Cola 330ml \u2013 2.50\u20ac<br \/>Coca-Cola Zero 330ml \u2013 2.50\u20ac<br \/>Schweppes Soda 330ml \u2013 2.50\u20ac<br \/>Limonad\u00eb 330ml \u2013 2.50\u20ac<br \/>Pije Portokalli 330ml \u2013 2.50\u20ac<br \/>Uj\u00eb 500ML \u2013 0.50\u20ac<br \/>Uj\u00eb Mineral 250ML \u2013 2.50\u20ac<br \/>Birr\u00eb Carlsberg 330ML \u2013 3.00\u20ac<br \/>Birr\u00eb Peroni 330ML \u2013 3.50\u20ac<\/p>\t\t\t\t\t\t\t\t<\/div>\n\t\t\t\t<\/div>\n\t\t\t\t\t<\/div>\n\t\t\t\t<\/div>\n\t\t\t\t<\/div>\n\t\t","protected":false},"excerpt":{"rendered":"<p>PANINI \/ FOCACCIA BURRATA VEGETARIAN \u2013 8,00\u20acBurrata e fresk\u00ebt, pesto borziloku, domate dhe p\u00ebrzierje sallatash jeshile. DI SANTO \u2013 8,00\u20acMortadella me f\u00ebst\u00ebk, Parmigiano Reggiano, pesto borziloku, stracciatella dhe sallat\u00eb valeriana. PARMA \u2013 8,00\u20acProsciutto di Parma, mozzarella fior di latte, stracciatella, domate qershi dhe rukola. PASTRAMI \u2013 7,50\u20acPastrami vi\u00e7i, salc\u00eb tartare, pecorino sard i vjet\u00ebruar me [&hellip;]<\/p>\n","protected":false},"author":2,"featured_media":0,"parent":0,"menu_order":0,"comment_status":"closed","ping_status":"closed","template":"","meta":{"footnotes":""},"class_list":["post-650","page","type-page","status-publish","hentry"],"_links":{"self":[{"href":"https:\/\/paniniartistici.gr\/index.php\/wp-json\/wp\/v2\/pages\/650","targetHints":{"allow":["GET"]}}],"collection":[{"href":"https:\/\/paniniartistici.gr\/index.php\/wp-json\/wp\/v2\/pages"}],"about":[{"href":"https:\/\/paniniartistici.gr\/index.php\/wp-json\/wp\/v2\/types\/page"}],"author":[{"embeddable":true,"href":"https:\/\/paniniartistici.gr\/index.php\/wp-json\/wp\/v2\/users\/2"}],"replies":[{"embeddable":true,"href":"https:\/\/paniniartistici.gr\/index.php\/wp-json\/wp\/v2\/comments?post=650"}],"version-history":[{"count":20,"href":"https:\/\/paniniartistici.gr\/index.php\/wp-json\/wp\/v2\/pages\/650\/revisions"}],"predecessor-version":[{"id":814,"href":"https:\/\/paniniartistici.gr\/index.php\/wp-json\/wp\/v2\/pages\/650\/revisions\/814"}],"wp:attachment":[{"href":"https:\/\/paniniartistici.gr\/index.php\/wp-json\/wp\/v2\/media?parent=650"}],"curies":[{"name":"wp","href":"https:\/\/api.w.org\/{rel}","templated":true}]}}